{"id":17929,"date":"2023-04-17T16:32:40","date_gmt":"2023-04-17T16:32:40","guid":{"rendered":"https:\/\/masicasas.pwgirona.com\/vendre-immoble\/"},"modified":"2025-01-30T08:38:51","modified_gmt":"2025-01-30T08:38:51","slug":"vender-inmueble","status":"publish","type":"page","link":"https:\/\/masicasas.com\/es\/vender-inmueble\/","title":{"rendered":"VENDER INMUEBLE"},"content":{"rendered":"\t\t<div data-elementor-type=\"wp-page\" data-elementor-id=\"17929\" class=\"elementor elementor-17929 elementor-17889\">\n\t\t\t\t\t\t<section class=\"elementor-section elementor-top-section elementor-element elementor-element-3608628 elementor-section-boxed elementor-section-height-default elementor-section-height-default\" data-id=\"3608628\" data-element_type=\"section\" data-e-type=\"section\">\n\t\t\t\t\t\t<div class=\"elementor-container elementor-column-gap-default\">\n\t\t\t\t\t<div class=\"elementor-column elementor-col-100 elementor-top-column elementor-element elementor-element-e1f312d\" data-id=\"e1f312d\" data-element_type=\"column\" data-e-type=\"column\">\n\t\t\t<div class=\"elementor-widget-wrap elementor-element-populated\">\n\t\t\t\t\t\t<div class=\"elementor-element elementor-element-908b2d1 elementor-widget elementor-widget-spacer\" data-id=\"908b2d1\" data-element_type=\"widget\" data-e-type=\"widget\" data-widget_type=\"spacer.default\">\n\t\t\t\t<div class=\"elementor-widget-container\">\n\t\t\t\t\t\t\t<div class=\"elementor-spacer\">\n\t\t\t<div class=\"elementor-spacer-inner\"><\/div>\n\t\t<\/div>\n\t\t\t\t\t\t<\/div>\n\t\t\t\t<\/div>\n\t\t\t\t<div class=\"elementor-element elementor-element-ebef010 elementor-widget elementor-widget-heading\" data-id=\"ebef010\" data-element_type=\"widget\" data-e-type=\"widget\" data-widget_type=\"heading.default\">\n\t\t\t\t<div class=\"elementor-widget-container\">\n\t\t\t\t\t<h1 class=\"elementor-heading-title elementor-size-default\">Vendemos su propiedad  <\/h1>\t\t\t\t<\/div>\n\t\t\t\t<\/div>\n\t\t\t\t\t<\/div>\n\t\t<\/div>\n\t\t\t\t\t<\/div>\n\t\t<\/section>\n\t\t\t\t<section class=\"elementor-section elementor-top-section elementor-element elementor-element-a8ecf2f elementor-section-boxed elementor-section-height-default elementor-section-height-default\" data-id=\"a8ecf2f\" data-element_type=\"section\" data-e-type=\"section\">\n\t\t\t\t\t\t<div class=\"elementor-container elementor-column-gap-default\">\n\t\t\t\t\t<div class=\"elementor-column elementor-col-100 elementor-top-column elementor-element elementor-element-bd09385\" data-id=\"bd09385\" data-element_type=\"column\" data-e-type=\"column\">\n\t\t\t<div class=\"elementor-widget-wrap elementor-element-populated\">\n\t\t\t\t\t\t<div class=\"elementor-element elementor-element-4c244e5 elementor-widget elementor-widget-text-editor\" data-id=\"4c244e5\" data-element_type=\"widget\" data-e-type=\"widget\" data-widget_type=\"text-editor.default\">\n\t\t\t\t<div class=\"elementor-widget-container\">\n\t\t\t\t\t\t\t\t\t<h4><strong>Mas i Casas API es una agencia inmobiliaria especializada en la compra y venta de propiedades en L&#8217;Escala y la Costa Brava.<\/strong><\/h4>\t\t\t\t\t\t\t\t<\/div>\n\t\t\t\t<\/div>\n\t\t\t\t\t<\/div>\n\t\t<\/div>\n\t\t\t\t\t<\/div>\n\t\t<\/section>\n\t\t\t\t<section class=\"elementor-section elementor-top-section elementor-element elementor-element-57b9f74 elementor-section-boxed elementor-section-height-default elementor-section-height-default\" data-id=\"57b9f74\" data-element_type=\"section\" data-e-type=\"section\">\n\t\t\t\t\t\t<div class=\"elementor-container elementor-column-gap-default\">\n\t\t\t\t\t<div class=\"elementor-column elementor-col-100 elementor-top-column elementor-element elementor-element-732477c\" data-id=\"732477c\" data-element_type=\"column\" data-e-type=\"column\">\n\t\t\t<div class=\"elementor-widget-wrap elementor-element-populated\">\n\t\t\t\t\t\t<div class=\"elementor-element elementor-element-a54d57a elementor-arrows-position-inside elementor-pagination-position-outside elementor-widget elementor-widget-image-carousel\" data-id=\"a54d57a\" data-element_type=\"widget\" data-e-type=\"widget\" data-settings=\"{&quot;navigation&quot;:&quot;both&quot;,&quot;autoplay&quot;:&quot;yes&quot;,&quot;pause_on_hover&quot;:&quot;yes&quot;,&quot;pause_on_interaction&quot;:&quot;yes&quot;,&quot;autoplay_speed&quot;:5000,&quot;infinite&quot;:&quot;yes&quot;,&quot;speed&quot;:500,&quot;image_spacing_custom&quot;:{&quot;unit&quot;:&quot;px&quot;,&quot;size&quot;:20,&quot;sizes&quot;:[]},&quot;image_spacing_custom_tablet&quot;:{&quot;unit&quot;:&quot;px&quot;,&quot;size&quot;:&quot;&quot;,&quot;sizes&quot;:[]},&quot;image_spacing_custom_mobile&quot;:{&quot;unit&quot;:&quot;px&quot;,&quot;size&quot;:&quot;&quot;,&quot;sizes&quot;:[]}}\" data-widget_type=\"image-carousel.default\">\n\t\t\t\t<div class=\"elementor-widget-container\">\n\t\t\t\t\t\t\t<div class=\"elementor-image-carousel-wrapper swiper\" role=\"region\" aria-roledescription=\"carousel\" aria-label=\"Carrusel d&#039;imatges\" dir=\"ltr\">\n\t\t\t<div class=\"elementor-image-carousel swiper-wrapper\" aria-live=\"off\">\n\t\t\t\t\t\t\t\t<div class=\"swiper-slide\" role=\"group\" aria-roledescription=\"slide\" aria-label=\"1 de 7\"><figure class=\"swiper-slide-inner\"><img decoding=\"async\" class=\"swiper-slide-image\" src=\"https:\/\/masicasas.com\/wp-content\/uploads\/2025\/01\/1-758x533.png\" alt=\"1\" \/><\/figure><\/div><div class=\"swiper-slide\" role=\"group\" aria-roledescription=\"slide\" aria-label=\"2 de 7\"><figure class=\"swiper-slide-inner\"><img decoding=\"async\" class=\"swiper-slide-image\" src=\"https:\/\/masicasas.com\/wp-content\/uploads\/2025\/01\/2-758x533.png\" alt=\"2\" \/><\/figure><\/div><div class=\"swiper-slide\" role=\"group\" aria-roledescription=\"slide\" aria-label=\"3 de 7\"><figure class=\"swiper-slide-inner\"><img decoding=\"async\" class=\"swiper-slide-image\" src=\"https:\/\/masicasas.com\/wp-content\/uploads\/2025\/01\/3-758x533.png\" alt=\"3\" \/><\/figure><\/div><div class=\"swiper-slide\" role=\"group\" aria-roledescription=\"slide\" aria-label=\"4 de 7\"><figure class=\"swiper-slide-inner\"><img decoding=\"async\" class=\"swiper-slide-image\" src=\"https:\/\/masicasas.com\/wp-content\/uploads\/2025\/01\/4-758x533.png\" alt=\"4\" \/><\/figure><\/div><div class=\"swiper-slide\" role=\"group\" aria-roledescription=\"slide\" aria-label=\"5 de 7\"><figure class=\"swiper-slide-inner\"><img decoding=\"async\" class=\"swiper-slide-image\" src=\"https:\/\/masicasas.com\/wp-content\/uploads\/2025\/01\/5-758x533.png\" alt=\"5\" \/><\/figure><\/div><div class=\"swiper-slide\" role=\"group\" aria-roledescription=\"slide\" aria-label=\"6 de 7\"><figure class=\"swiper-slide-inner\"><img decoding=\"async\" class=\"swiper-slide-image\" src=\"https:\/\/masicasas.com\/wp-content\/uploads\/2025\/01\/6-758x533.png\" alt=\"6\" \/><\/figure><\/div><div class=\"swiper-slide\" role=\"group\" aria-roledescription=\"slide\" aria-label=\"7 de 7\"><figure class=\"swiper-slide-inner\"><img decoding=\"async\" class=\"swiper-slide-image\" src=\"https:\/\/masicasas.com\/wp-content\/uploads\/2025\/01\/7-758x533.png\" alt=\"7\" \/><\/figure><\/div>\t\t\t<\/div>\n\t\t\t\t\t\t\t\t\t\t\t\t<div class=\"elementor-swiper-button elementor-swiper-button-prev\" role=\"button\" tabindex=\"0\">\n\t\t\t\t\t\t<i aria-hidden=\"true\" class=\"eicon-chevron-left\"><\/i>\t\t\t\t\t<\/div>\n\t\t\t\t\t<div class=\"elementor-swiper-button elementor-swiper-button-next\" role=\"button\" tabindex=\"0\">\n\t\t\t\t\t\t<i aria-hidden=\"true\" class=\"eicon-chevron-right\"><\/i>\t\t\t\t\t<\/div>\n\t\t\t\t\n\t\t\t\t\t\t\t\t\t<div class=\"swiper-pagination\"><\/div>\n\t\t\t\t\t\t\t\t\t<\/div>\n\t\t\t\t\t\t<\/div>\n\t\t\t\t<\/div>\n\t\t\t\t\t<\/div>\n\t\t<\/div>\n\t\t\t\t\t<\/div>\n\t\t<\/section>\n\t\t\t\t<section class=\"elementor-section elementor-top-section elementor-element elementor-element-bb2dc95 elementor-section-boxed elementor-section-height-default elementor-section-height-default\" data-id=\"bb2dc95\" data-element_type=\"section\" data-e-type=\"section\">\n\t\t\t\t\t\t<div class=\"elementor-container elementor-column-gap-default\">\n\t\t\t\t\t<div class=\"elementor-column elementor-col-100 elementor-top-column elementor-element elementor-element-3a92d7f\" data-id=\"3a92d7f\" data-element_type=\"column\" data-e-type=\"column\">\n\t\t\t<div class=\"elementor-widget-wrap elementor-element-populated\">\n\t\t\t\t\t\t<div class=\"elementor-element elementor-element-3c421e6 elementor-widget elementor-widget-text-editor\" data-id=\"3c421e6\" data-element_type=\"widget\" data-e-type=\"widget\" data-widget_type=\"text-editor.default\">\n\t\t\t\t<div class=\"elementor-widget-container\">\n\t\t\t\t\t\t\t\t\t<p>M\u00e1s de 25 a\u00f1os de experiencia en el sector: profesionalismo, seriedad, rigor, experiencia, eficacia, son algunos de los atributos que nos definen. Inscritos bajo el n\u00famero 688 en la Asociaci\u00f3n de Agentes Inmobiliarios y con el n\u00famero 1798 en el Registro de Agentes Inmobiliarios de Catalu\u00f1a.\u00a0<\/p>\t\t\t\t\t\t\t\t<\/div>\n\t\t\t\t<\/div>\n\t\t\t\t\t<\/div>\n\t\t<\/div>\n\t\t\t\t\t<\/div>\n\t\t<\/section>\n\t\t\t\t<section class=\"elementor-section elementor-top-section elementor-element elementor-element-f16e553 elementor-section-boxed elementor-section-height-default elementor-section-height-default\" data-id=\"f16e553\" data-element_type=\"section\" data-e-type=\"section\">\n\t\t\t\t\t\t<div class=\"elementor-container elementor-column-gap-default\">\n\t\t\t\t\t<div class=\"elementor-column elementor-col-100 elementor-top-column elementor-element elementor-element-3ffb70c\" data-id=\"3ffb70c\" data-element_type=\"column\" data-e-type=\"column\">\n\t\t\t<div class=\"elementor-widget-wrap elementor-element-populated\">\n\t\t\t\t\t\t<div class=\"elementor-element elementor-element-8565727 elementor-widget-divider--view-line elementor-widget elementor-widget-divider\" data-id=\"8565727\" data-element_type=\"widget\" data-e-type=\"widget\" data-widget_type=\"divider.default\">\n\t\t\t\t<div class=\"elementor-widget-container\">\n\t\t\t\t\t\t\t<div class=\"elementor-divider\">\n\t\t\t<span class=\"elementor-divider-separator\">\n\t\t\t\t\t\t<\/span>\n\t\t<\/div>\n\t\t\t\t\t\t<\/div>\n\t\t\t\t<\/div>\n\t\t\t\t\t<\/div>\n\t\t<\/div>\n\t\t\t\t\t<\/div>\n\t\t<\/section>\n\t\t\t\t<section class=\"elementor-section elementor-top-section elementor-element elementor-element-b0fca69 elementor-section-boxed elementor-section-height-default elementor-section-height-default\" data-id=\"b0fca69\" data-element_type=\"section\" data-e-type=\"section\">\n\t\t\t\t\t\t<div class=\"elementor-container elementor-column-gap-default\">\n\t\t\t\t\t<div class=\"elementor-column elementor-col-100 elementor-top-column elementor-element elementor-element-8b0dee8\" data-id=\"8b0dee8\" data-element_type=\"column\" data-e-type=\"column\">\n\t\t\t<div class=\"elementor-widget-wrap elementor-element-populated\">\n\t\t\t\t\t\t<div class=\"elementor-element elementor-element-e999b70 elementor-widget elementor-widget-text-editor\" data-id=\"e999b70\" data-element_type=\"widget\" data-e-type=\"widget\" data-widget_type=\"text-editor.default\">\n\t\t\t\t<div class=\"elementor-widget-container\">\n\t\t\t\t\t\t\t\t\t<h3>\u00bfPor qu\u00e9 vender su casa con nosotros?\u00a0<\/h3>\t\t\t\t\t\t\t\t<\/div>\n\t\t\t\t<\/div>\n\t\t\t\t\t<\/div>\n\t\t<\/div>\n\t\t\t\t\t<\/div>\n\t\t<\/section>\n\t\t\t\t<section class=\"elementor-section elementor-top-section elementor-element elementor-element-0e6f289 elementor-section-boxed elementor-section-height-default elementor-section-height-default\" data-id=\"0e6f289\" data-element_type=\"section\" data-e-type=\"section\">\n\t\t\t\t\t\t<div class=\"elementor-container elementor-column-gap-default\">\n\t\t\t\t\t<div class=\"elementor-column elementor-col-100 elementor-top-column elementor-element elementor-element-3f750b3\" data-id=\"3f750b3\" data-element_type=\"column\" data-e-type=\"column\">\n\t\t\t<div class=\"elementor-widget-wrap elementor-element-populated\">\n\t\t\t\t\t\t<div class=\"elementor-element elementor-element-a1a59f3 elementor-widget elementor-widget-text-editor\" data-id=\"a1a59f3\" data-element_type=\"widget\" data-e-type=\"widget\" data-widget_type=\"text-editor.default\">\n\t\t\t\t<div class=\"elementor-widget-container\">\n\t\t\t\t\t\t\t\t\t<ul><li>Tasamos su propiedad sin compromiso.<\/li><li>Realizamos un reportaje fotogr\u00e1fico y v\u00eddeo profesional.<\/li><li>Publicamos en los mejores portales inmobiliarios europeos.<\/li><li>Le asesoramos sobre las obligaciones fiscales y legales.<\/li><li>Le acompa\u00f1amos hasta la firma ante el notario.<\/li><li>Nos encargamos de todos los tr\u00e1mites obligatorios.<\/li><\/ul>\t\t\t\t\t\t\t\t<\/div>\n\t\t\t\t<\/div>\n\t\t\t\t<div class=\"elementor-element elementor-element-3850363 elementor-align-center elementor-widget elementor-widget-button\" data-id=\"3850363\" data-element_type=\"widget\" data-e-type=\"widget\" data-widget_type=\"button.default\">\n\t\t\t\t<div class=\"elementor-widget-container\">\n\t\t\t\t\t\t\t\t\t<div class=\"elementor-button-wrapper\">\n\t\t\t\t\t<a class=\"elementor-button elementor-button-link elementor-size-sm\" href=\"https:\/\/masicasas.com\/es\/contacto\/\">\n\t\t\t\t\t\t<span class=\"elementor-button-content-wrapper\">\n\t\t\t\t\t\t\t\t\t<span class=\"elementor-button-text\">Env\u00edenos su informaci\u00f3n <\/span>\n\t\t\t\t\t<\/span>\n\t\t\t\t\t<\/a>\n\t\t\t\t<\/div>\n\t\t\t\t\t\t\t\t<\/div>\n\t\t\t\t<\/div>\n\t\t\t\t\t<\/div>\n\t\t<\/div>\n\t\t\t\t\t<\/div>\n\t\t<\/section>\n\t\t\t\t<\/div>\n\t\t","protected":false},"excerpt":{"rendered":"<p>Vendemos su propiedad Mas i Casas API es una agencia inmobiliaria especializada en la compra y venta de propiedades en L&#8217;Escala y la Costa Brava. M\u00e1s de 25 a\u00f1os de experiencia en el sector: profesionalismo, seriedad, rigor, experiencia, eficacia, son algunos de los atributos que nos definen. Inscritos bajo el n\u00famero 688 en la Asociaci\u00f3n [&hellip;]<\/p>\n","protected":false},"author":1,"featured_media":0,"parent":0,"menu_order":0,"comment_status":"closed","ping_status":"closed","template":"template\/template-homepage.php","meta":{"_joinchat":[],"footnotes":""},"class_list":["post-17929","page","type-page","status-publish","hentry"],"yoast_head":"<!-- This site is optimized with the Yoast SEO plugin v27.2 - https:\/\/yoast.com\/product\/yoast-seo-wordpress\/ -->\n<title>\u00bfQuieres vender tu casa de l&#039;Escala? V\u00e9ndela con Mas i Casas<\/title>\n<meta name=\"description\" content=\"En Mas i Casas somos una agencia inmobiliaria especializada en compraventa de inmuebles en L&#039;Escala y en la Costa Brava. \u00a1Vendemos tu casa en 90 d\u00edas!\" \/>\n<meta name=\"robots\" content=\"index, follow, max-snippet:-1, max-image-preview:large, max-video-preview:-1\" \/>\n<link rel=\"canonical\" href=\"https:\/\/masicasas.com\/es\/vender-inmueble\/\" \/>\n<meta property=\"og:locale\" content=\"es_ES\" \/>\n<meta property=\"og:type\" content=\"article\" \/>\n<meta property=\"og:title\" content=\"\u00bfQuieres vender tu casa de l&#039;Escala? V\u00e9ndela con Mas i Casas\" \/>\n<meta property=\"og:description\" content=\"En Mas i Casas somos una agencia inmobiliaria especializada en compraventa de inmuebles en L&#039;Escala y en la Costa Brava. \u00a1Vendemos tu casa en 90 d\u00edas!\" \/>\n<meta property=\"og:url\" content=\"https:\/\/masicasas.com\/es\/vender-inmueble\/\" \/>\n<meta property=\"og:site_name\" content=\"Mas i Casas\" \/>\n<meta property=\"article:modified_time\" content=\"2025-01-30T08:38:51+00:00\" \/>\n<meta property=\"og:image\" content=\"https:\/\/masicasas.com\/wp-content\/uploads\/2025\/01\/1-758x533.png\" \/>\n<meta name=\"twitter:card\" content=\"summary_large_image\" \/>\n<meta name=\"twitter:label1\" content=\"Tiempo de lectura\" \/>\n\t<meta name=\"twitter:data1\" content=\"4 minutos\" \/>\n<script type=\"application\/ld+json\" class=\"yoast-schema-graph\">{\"@context\":\"https:\/\/schema.org\",\"@graph\":[{\"@type\":\"WebPage\",\"@id\":\"https:\/\/masicasas.com\/es\/vender-inmueble\/\",\"url\":\"https:\/\/masicasas.com\/es\/vender-inmueble\/\",\"name\":\"\u00bfQuieres vender tu casa de l'Escala? V\u00e9ndela con Mas i Casas\",\"isPartOf\":{\"@id\":\"https:\/\/masicasas.com\/#website\"},\"primaryImageOfPage\":{\"@id\":\"https:\/\/masicasas.com\/es\/vender-inmueble\/#primaryimage\"},\"image\":{\"@id\":\"https:\/\/masicasas.com\/es\/vender-inmueble\/#primaryimage\"},\"thumbnailUrl\":\"https:\/\/masicasas.com\/wp-content\/uploads\/2025\/01\/1-758x533.png\",\"datePublished\":\"2023-04-17T16:32:40+00:00\",\"dateModified\":\"2025-01-30T08:38:51+00:00\",\"description\":\"En Mas i Casas somos una agencia inmobiliaria especializada en compraventa de inmuebles en L'Escala y en la Costa Brava. \u00a1Vendemos tu casa en 90 d\u00edas!\",\"breadcrumb\":{\"@id\":\"https:\/\/masicasas.com\/es\/vender-inmueble\/#breadcrumb\"},\"inLanguage\":\"es\",\"potentialAction\":[{\"@type\":\"ReadAction\",\"target\":[\"https:\/\/masicasas.com\/es\/vender-inmueble\/\"]}]},{\"@type\":\"ImageObject\",\"inLanguage\":\"es\",\"@id\":\"https:\/\/masicasas.com\/es\/vender-inmueble\/#primaryimage\",\"url\":\"https:\/\/masicasas.com\/wp-content\/uploads\/2025\/01\/1-758x533.png\",\"contentUrl\":\"https:\/\/masicasas.com\/wp-content\/uploads\/2025\/01\/1-758x533.png\"},{\"@type\":\"BreadcrumbList\",\"@id\":\"https:\/\/masicasas.com\/es\/vender-inmueble\/#breadcrumb\",\"itemListElement\":[{\"@type\":\"ListItem\",\"position\":1,\"name\":\"Inici\",\"item\":\"https:\/\/masicasas.com\/es\/\"},{\"@type\":\"ListItem\",\"position\":2,\"name\":\"VENDER INMUEBLE\"}]},{\"@type\":\"WebSite\",\"@id\":\"https:\/\/masicasas.com\/#website\",\"url\":\"https:\/\/masicasas.com\/\",\"name\":\"Mas i Casas\",\"description\":\"Otro sitio realizado con WordPress\",\"potentialAction\":[{\"@type\":\"SearchAction\",\"target\":{\"@type\":\"EntryPoint\",\"urlTemplate\":\"https:\/\/masicasas.com\/?s={search_term_string}\"},\"query-input\":{\"@type\":\"PropertyValueSpecification\",\"valueRequired\":true,\"valueName\":\"search_term_string\"}}],\"inLanguage\":\"es\"}]}<\/script>\n<!-- \/ Yoast SEO plugin. -->","yoast_head_json":{"title":"\u00bfQuieres vender tu casa de l'Escala? V\u00e9ndela con Mas i Casas","description":"En Mas i Casas somos una agencia inmobiliaria especializada en compraventa de inmuebles en L'Escala y en la Costa Brava. \u00a1Vendemos tu casa en 90 d\u00edas!","robots":{"index":"index","follow":"follow","max-snippet":"max-snippet:-1","max-image-preview":"max-image-preview:large","max-video-preview":"max-video-preview:-1"},"canonical":"https:\/\/masicasas.com\/es\/vender-inmueble\/","og_locale":"es_ES","og_type":"article","og_title":"\u00bfQuieres vender tu casa de l'Escala? V\u00e9ndela con Mas i Casas","og_description":"En Mas i Casas somos una agencia inmobiliaria especializada en compraventa de inmuebles en L'Escala y en la Costa Brava. \u00a1Vendemos tu casa en 90 d\u00edas!","og_url":"https:\/\/masicasas.com\/es\/vender-inmueble\/","og_site_name":"Mas i Casas","article_modified_time":"2025-01-30T08:38:51+00:00","og_image":[{"url":"https:\/\/masicasas.com\/wp-content\/uploads\/2025\/01\/1-758x533.png","type":"","width":"","height":""}],"twitter_card":"summary_large_image","twitter_misc":{"Tiempo de lectura":"4 minutos"},"schema":{"@context":"https:\/\/schema.org","@graph":[{"@type":"WebPage","@id":"https:\/\/masicasas.com\/es\/vender-inmueble\/","url":"https:\/\/masicasas.com\/es\/vender-inmueble\/","name":"\u00bfQuieres vender tu casa de l'Escala? V\u00e9ndela con Mas i Casas","isPartOf":{"@id":"https:\/\/masicasas.com\/#website"},"primaryImageOfPage":{"@id":"https:\/\/masicasas.com\/es\/vender-inmueble\/#primaryimage"},"image":{"@id":"https:\/\/masicasas.com\/es\/vender-inmueble\/#primaryimage"},"thumbnailUrl":"https:\/\/masicasas.com\/wp-content\/uploads\/2025\/01\/1-758x533.png","datePublished":"2023-04-17T16:32:40+00:00","dateModified":"2025-01-30T08:38:51+00:00","description":"En Mas i Casas somos una agencia inmobiliaria especializada en compraventa de inmuebles en L'Escala y en la Costa Brava. \u00a1Vendemos tu casa en 90 d\u00edas!","breadcrumb":{"@id":"https:\/\/masicasas.com\/es\/vender-inmueble\/#breadcrumb"},"inLanguage":"es","potentialAction":[{"@type":"ReadAction","target":["https:\/\/masicasas.com\/es\/vender-inmueble\/"]}]},{"@type":"ImageObject","inLanguage":"es","@id":"https:\/\/masicasas.com\/es\/vender-inmueble\/#primaryimage","url":"https:\/\/masicasas.com\/wp-content\/uploads\/2025\/01\/1-758x533.png","contentUrl":"https:\/\/masicasas.com\/wp-content\/uploads\/2025\/01\/1-758x533.png"},{"@type":"BreadcrumbList","@id":"https:\/\/masicasas.com\/es\/vender-inmueble\/#breadcrumb","itemListElement":[{"@type":"ListItem","position":1,"name":"Inici","item":"https:\/\/masicasas.com\/es\/"},{"@type":"ListItem","position":2,"name":"VENDER INMUEBLE"}]},{"@type":"WebSite","@id":"https:\/\/masicasas.com\/#website","url":"https:\/\/masicasas.com\/","name":"Mas i Casas","description":"Otro sitio realizado con WordPress","potentialAction":[{"@type":"SearchAction","target":{"@type":"EntryPoint","urlTemplate":"https:\/\/masicasas.com\/?s={search_term_string}"},"query-input":{"@type":"PropertyValueSpecification","valueRequired":true,"valueName":"search_term_string"}}],"inLanguage":"es"}]}},"_links":{"self":[{"href":"https:\/\/masicasas.com\/es\/wp-json\/wp\/v2\/pages\/17929","targetHints":{"allow":["GET"]}}],"collection":[{"href":"https:\/\/masicasas.com\/es\/wp-json\/wp\/v2\/pages"}],"about":[{"href":"https:\/\/masicasas.com\/es\/wp-json\/wp\/v2\/types\/page"}],"author":[{"embeddable":true,"href":"https:\/\/masicasas.com\/es\/wp-json\/wp\/v2\/users\/1"}],"replies":[{"embeddable":true,"href":"https:\/\/masicasas.com\/es\/wp-json\/wp\/v2\/comments?post=17929"}],"version-history":[{"count":45,"href":"https:\/\/masicasas.com\/es\/wp-json\/wp\/v2\/pages\/17929\/revisions"}],"predecessor-version":[{"id":40723,"href":"https:\/\/masicasas.com\/es\/wp-json\/wp\/v2\/pages\/17929\/revisions\/40723"}],"wp:attachment":[{"href":"https:\/\/masicasas.com\/es\/wp-json\/wp\/v2\/media?parent=17929"}],"curies":[{"name":"wp","href":"https:\/\/api.w.org\/{rel}","templated":true}]}}